{"id":589,"date":"2025-07-15T20:22:02","date_gmt":"2025-07-15T18:22:02","guid":{"rendered":"https:\/\/certyfikat-gorzow.pl\/?page_id=589"},"modified":"2025-09-12T13:28:02","modified_gmt":"2025-09-12T11:28:02","slug":"audyt-energetyczny-badania-i-pomiary","status":"publish","type":"page","link":"https:\/\/certyfikat-gorzow.pl\/?page_id=589","title":{"rendered":"Audyt, badania i pomiary"},"content":{"rendered":"\n<div class=\"wp-block-media-text is-stacked-on-mobile\" style=\"grid-template-columns:25% auto\"><figure class=\"wp-block-media-text__media\"><img fetchpriority=\"high\" decoding=\"async\" width=\"1024\" height=\"1024\" src=\"https:\/\/certyfikat-gorzow.pl\/wp-content\/uploads\/2025\/09\/Zdjecie-WhatsApp-2025-09-12-o-13.25.46_2dd6effa.jpg\" alt=\"\" class=\"wp-image-720 size-full\" srcset=\"https:\/\/certyfikat-gorzow.pl\/wp-content\/uploads\/2025\/09\/Zdjecie-WhatsApp-2025-09-12-o-13.25.46_2dd6effa.jpg 1024w, https:\/\/certyfikat-gorzow.pl\/wp-content\/uploads\/2025\/09\/Zdjecie-WhatsApp-2025-09-12-o-13.25.46_2dd6effa-300x300.jpg 300w, https:\/\/certyfikat-gorzow.pl\/wp-content\/uploads\/2025\/09\/Zdjecie-WhatsApp-2025-09-12-o-13.25.46_2dd6effa-150x150.jpg 150w, https:\/\/certyfikat-gorzow.pl\/wp-content\/uploads\/2025\/09\/Zdjecie-WhatsApp-2025-09-12-o-13.25.46_2dd6effa-768x768.jpg 768w, https:\/\/certyfikat-gorzow.pl\/wp-content\/uploads\/2025\/09\/Zdjecie-WhatsApp-2025-09-12-o-13.25.46_2dd6effa-100x100.jpg 100w, https:\/\/certyfikat-gorzow.pl\/wp-content\/uploads\/2025\/09\/Zdjecie-WhatsApp-2025-09-12-o-13.25.46_2dd6effa-200x200.jpg 200w\" sizes=\"(max-width: 1024px) 100vw, 1024px\" \/><\/figure><div class=\"wp-block-media-text__content\">\n<p class=\"has-contrast-2-color has-text-color has-link-color wp-elements-9be2ddb8e84a68ac314989591f634bcb\" style=\"font-size:26px;font-style:normal;font-weight:100\">Rzuty pomieszcze\u0144 i obliczenia powierzchni. <\/p>\n\n\n\n<p>Wykonanie rysunk\u00f3w technicznych, obliczanie powierzchni netto, powierzchni u\u017cytkowej, powierzchni zabudowy, kubatur zgodnie z norm\u0105 PN-ISO 9836:2022 <\/p>\n<\/div><\/div>\n\n\n\n<div class=\"wp-block-media-text is-stacked-on-mobile\" style=\"grid-template-columns:25% auto\"><figure class=\"wp-block-media-text__media\"><img decoding=\"async\" width=\"1024\" height=\"1024\" src=\"https:\/\/certyfikat-gorzow.pl\/wp-content\/uploads\/2025\/09\/ChatGPT-Image-12-wrz-2025-08_54_28-1.png\" alt=\"\" class=\"wp-image-713 size-full\" srcset=\"https:\/\/certyfikat-gorzow.pl\/wp-content\/uploads\/2025\/09\/ChatGPT-Image-12-wrz-2025-08_54_28-1.png 1024w, https:\/\/certyfikat-gorzow.pl\/wp-content\/uploads\/2025\/09\/ChatGPT-Image-12-wrz-2025-08_54_28-1-300x300.png 300w, https:\/\/certyfikat-gorzow.pl\/wp-content\/uploads\/2025\/09\/ChatGPT-Image-12-wrz-2025-08_54_28-1-150x150.png 150w\" sizes=\"(max-width: 1024px) 100vw, 1024px\" \/><\/figure><div class=\"wp-block-media-text__content\">\n<p class=\"has-contrast-2-color has-text-color has-link-color wp-elements-77a4e680fa63a003a37c5a7f9492bb71\" style=\"font-size:26px;font-style:normal;font-weight:100\">Badanie kamer\u0105 termowizyjn\u0105.<\/p>\n\n\n\n<p>Wykrywania mostk\u00f3w cieplnych, strat energii, nieszczelno\u015bci w izolacji, zawilgoce\u0144 i problem\u00f3w z wentylacj\u0105, sprawdzania przegrzewaj\u0105cych si\u0119 element\u00f3w elektrycznych, rur grzewczych czy nieszczelno\u015bci instalacji wodnych.<\/p>\n<\/div><\/div>\n\n\n\n<div class=\"wp-block-media-text is-stacked-on-mobile\" style=\"grid-template-columns:25% auto\"><figure class=\"wp-block-media-text__media\"><img decoding=\"async\" width=\"1024\" height=\"1024\" src=\"https:\/\/certyfikat-gorzow.pl\/wp-content\/uploads\/2025\/09\/ChatGPT-Image-12-wrz-2025-09_04_06.png\" alt=\"\" class=\"wp-image-712 size-full\" srcset=\"https:\/\/certyfikat-gorzow.pl\/wp-content\/uploads\/2025\/09\/ChatGPT-Image-12-wrz-2025-09_04_06.png 1024w, https:\/\/certyfikat-gorzow.pl\/wp-content\/uploads\/2025\/09\/ChatGPT-Image-12-wrz-2025-09_04_06-300x300.png 300w, https:\/\/certyfikat-gorzow.pl\/wp-content\/uploads\/2025\/09\/ChatGPT-Image-12-wrz-2025-09_04_06-150x150.png 150w\" sizes=\"(max-width: 1024px) 100vw, 1024px\" \/><\/figure><div class=\"wp-block-media-text__content\">\n<p class=\"has-contrast-2-color has-text-color has-link-color wp-elements-a635d242672f557e89634d0aa5724b8a\" style=\"font-size:26px;font-style:normal;font-weight:100\">Badanie przyczyn ple\u015bni. <\/p>\n\n\n\n<p>Ustalanie \u017ar\u00f3d\u0142a zawilgocenia (np. nieszczelno\u015bci, mostki cieplne, z\u0142a wentylacja), zapobieganie ponownemu rozwojowi grzyb\u00f3w po usuni\u0119ciu ich skutk\u00f3w.<\/p>\n<\/div><\/div>\n\n\n\n<div class=\"wp-block-media-text is-stacked-on-mobile\" style=\"grid-template-columns:25% auto\"><figure class=\"wp-block-media-text__media\"><img loading=\"lazy\" decoding=\"async\" width=\"1024\" height=\"1024\" src=\"https:\/\/certyfikat-gorzow.pl\/wp-content\/uploads\/2025\/09\/Zdjecie-WhatsApp-2025-09-12-o-13.25.46_45ece52b.jpg\" alt=\"\" class=\"wp-image-721 size-full\" srcset=\"https:\/\/certyfikat-gorzow.pl\/wp-content\/uploads\/2025\/09\/Zdjecie-WhatsApp-2025-09-12-o-13.25.46_45ece52b.jpg 1024w, https:\/\/certyfikat-gorzow.pl\/wp-content\/uploads\/2025\/09\/Zdjecie-WhatsApp-2025-09-12-o-13.25.46_45ece52b-300x300.jpg 300w, https:\/\/certyfikat-gorzow.pl\/wp-content\/uploads\/2025\/09\/Zdjecie-WhatsApp-2025-09-12-o-13.25.46_45ece52b-150x150.jpg 150w, https:\/\/certyfikat-gorzow.pl\/wp-content\/uploads\/2025\/09\/Zdjecie-WhatsApp-2025-09-12-o-13.25.46_45ece52b-768x768.jpg 768w, https:\/\/certyfikat-gorzow.pl\/wp-content\/uploads\/2025\/09\/Zdjecie-WhatsApp-2025-09-12-o-13.25.46_45ece52b-100x100.jpg 100w, https:\/\/certyfikat-gorzow.pl\/wp-content\/uploads\/2025\/09\/Zdjecie-WhatsApp-2025-09-12-o-13.25.46_45ece52b-200x200.jpg 200w\" sizes=\"(max-width: 1024px) 100vw, 1024px\" \/><\/figure><div class=\"wp-block-media-text__content\">\n<p class=\"has-contrast-2-color has-text-color has-link-color wp-elements-2749387542f3bdb396483b98e24c378e\" style=\"font-size:26px;font-style:normal;font-weight:100\">Obliczanie zapotrzebowania na pomp\u0119 ciep\u0142a. <\/p>\n\n\n\n<p>Dobranie mocy i COP pompy przy uwzgl\u0119dnieniu lokalizacji budynku, rodzaju grzejnik\u00f3w, os\u0142oni\u0119cia budynku, powierzchni, przenikalno\u015bci cieplnej mur\u00f3w, strop\u00f3w i innych przegr\u00f3d. <\/p>\n\n\n\n<p><\/p>\n<\/div><\/div>\n\n\n\n<div class=\"wp-block-media-text is-stacked-on-mobile\" style=\"grid-template-columns:25% auto\"><figure class=\"wp-block-media-text__media\"><img loading=\"lazy\" decoding=\"async\" width=\"1024\" height=\"1024\" src=\"https:\/\/certyfikat-gorzow.pl\/wp-content\/uploads\/2025\/09\/ChatGPT-Image-12-wrz-2025-09_04_18.png\" alt=\"\" class=\"wp-image-711 size-full\" srcset=\"https:\/\/certyfikat-gorzow.pl\/wp-content\/uploads\/2025\/09\/ChatGPT-Image-12-wrz-2025-09_04_18.png 1024w, https:\/\/certyfikat-gorzow.pl\/wp-content\/uploads\/2025\/09\/ChatGPT-Image-12-wrz-2025-09_04_18-300x300.png 300w, https:\/\/certyfikat-gorzow.pl\/wp-content\/uploads\/2025\/09\/ChatGPT-Image-12-wrz-2025-09_04_18-150x150.png 150w\" sizes=\"(max-width: 1024px) 100vw, 1024px\" \/><\/figure><div class=\"wp-block-media-text__content\">\n<p class=\"has-contrast-2-color has-text-color has-link-color wp-elements-4e03f03e5098307f14635e4d2dd0fd9f\" style=\"font-size:26px;font-style:normal;font-weight:100\">Audyt energetyczny.<\/p>\n\n\n\n<p>Dokument AE jest wymagany do uzyskania r\u00f3\u017cnego rodzaju dotacji np. z programu czyste powietrze, moje ciep\u0142o lub innych program\u00f3w rz\u0105dowych i nierz\u0105dowych. Audyt energetyczny mo\u017cna te\u017c przeprowadzi\u0107 w poprawienia koszt\u00f3w i efekt\u00f3w energetycznych.<\/p>\n<\/div><\/div>\n\n\n\n<div class=\"wp-block-media-text is-stacked-on-mobile\" style=\"grid-template-columns:25% auto\"><figure class=\"wp-block-media-text__media\"><img loading=\"lazy\" decoding=\"async\" width=\"1024\" height=\"1024\" src=\"https:\/\/certyfikat-gorzow.pl\/wp-content\/uploads\/2025\/09\/ChatGPT-Image-12-wrz-2025-08_52_22.png\" alt=\"\" class=\"wp-image-710 size-full\" srcset=\"https:\/\/certyfikat-gorzow.pl\/wp-content\/uploads\/2025\/09\/ChatGPT-Image-12-wrz-2025-08_52_22.png 1024w, https:\/\/certyfikat-gorzow.pl\/wp-content\/uploads\/2025\/09\/ChatGPT-Image-12-wrz-2025-08_52_22-300x300.png 300w, https:\/\/certyfikat-gorzow.pl\/wp-content\/uploads\/2025\/09\/ChatGPT-Image-12-wrz-2025-08_52_22-150x150.png 150w\" sizes=\"(max-width: 1024px) 100vw, 1024px\" \/><\/figure><div class=\"wp-block-media-text__content\">\n<p class=\"has-contrast-2-color has-text-color has-link-color wp-elements-10e5abd81de52f25f5865f89aaadf36f\" style=\"font-size:26px;font-style:normal;font-weight:100\">Audyt energetyczny przedsi\u0119biorstwa (AEP).<\/p>\n\n\n\n<p>AEP jest wymagane co 4 lata wymagane dla du\u017cych przedsi\u0119biorc\u00f3w, czyli tych, kt\u00f3rzy spe\u0142niaj\u0105 przynajmniej jeden z kryteri\u00f3w dotycz\u0105cych wielko\u015bci firmy (zatrudnienie co najmniej 250 os\u00f3b, roczny obr\u00f3t wi\u0119kszy ni\u017c 50 mln euro lub aktywa bilansowe ponad 43 mln euro). Audyt ten ma na celu analiz\u0119 zu\u017cycia energii i wskazanie mo\u017cliwo\u015bci jej oszcz\u0119dno\u015bci, a jego celem jest poprawa efektywno\u015bci energetycznej firm.<\/p>\n<\/div><\/div>\n\n\n\n<hr class=\"wp-block-separator has-alpha-channel-opacity\"\/>\n\n\n\n<p><\/p>\n","protected":false},"excerpt":{"rendered":"<p>Rzuty pomieszcze\u0144 i obliczenia powierzchni. Wykonanie rysunk\u00f3w technicznych, obliczanie powierzchni netto, powierzchni u\u017cytkowej, powierzchni zabudowy, kubatur zgodnie z norm\u0105 PN-ISO [&hellip;]<\/p>\n","protected":false},"author":1,"featured_media":0,"parent":0,"menu_order":0,"comment_status":"closed","ping_status":"closed","template":"","meta":{"site-sidebar-layout":"default","site-content-layout":"","ast-site-content-layout":"default","site-content-style":"default","site-sidebar-style":"default","ast-global-header-display":"","ast-banner-title-visibility":"","ast-main-header-display":"","ast-hfb-above-header-display":"","ast-hfb-below-header-display":"","ast-hfb-mobile-header-display":"","site-post-title":"","ast-breadcrumbs-content":"","ast-featured-img":"","footer-sml-layout":"","theme-transparent-header-meta":"","adv-header-id-meta":"","stick-header-meta":"","header-above-stick-meta":"","header-main-stick-meta":"","header-below-stick-meta":"","astra-migrate-meta-layouts":"default","ast-page-background-enabled":"default","ast-page-background-meta":{"desktop":{"background-color":"var(--ast-global-color-5)","background-image":"","background-repeat":"repeat","background-position":"center center","background-size":"auto","background-attachment":"scroll","background-type":"","background-media":"","overlay-type":"","overlay-color":"","overlay-opacity":"","overlay-gradient":""},"tablet":{"background-color":"","background-image":"","background-repeat":"repeat","background-position":"center center","background-size":"auto","background-attachment":"scroll","background-type":"","background-media":"","overlay-type":"","overlay-color":"","overlay-opacity":"","overlay-gradient":""},"mobile":{"background-color":"","background-image":"","background-repeat":"repeat","background-position":"center center","background-size":"auto","background-attachment":"scroll","background-type":"","background-media":"","overlay-type":"","overlay-color":"","overlay-opacity":"","overlay-gradient":""}},"ast-content-background-meta":{"desktop":{"background-color":"var(--ast-global-color-4)","background-image":"","background-repeat":"repeat","background-position":"center center","background-size":"auto","background-attachment":"scroll","background-type":"","background-media":"","overlay-type":"","overlay-color":"","overlay-opacity":"","overlay-gradient":""},"tablet":{"background-color":"var(--ast-global-color-4)","background-image":"","background-repeat":"repeat","background-position":"center center","background-size":"auto","background-attachment":"scroll","background-type":"","background-media":"","overlay-type":"","overlay-color":"","overlay-opacity":"","overlay-gradient":""},"mobile":{"background-color":"var(--ast-global-color-4)","background-image":"","background-repeat":"repeat","background-position":"center center","background-size":"auto","background-attachment":"scroll","background-type":"","background-media":"","overlay-type":"","overlay-color":"","overlay-opacity":"","overlay-gradient":""}},"footnotes":""},"class_list":["post-589","page","type-page","status-publish","hentry"],"_links":{"self":[{"href":"https:\/\/certyfikat-gorzow.pl\/index.php?rest_route=\/wp\/v2\/pages\/589","targetHints":{"allow":["GET"]}}],"collection":[{"href":"https:\/\/certyfikat-gorzow.pl\/index.php?rest_route=\/wp\/v2\/pages"}],"about":[{"href":"https:\/\/certyfikat-gorzow.pl\/index.php?rest_route=\/wp\/v2\/types\/page"}],"author":[{"embeddable":true,"href":"https:\/\/certyfikat-gorzow.pl\/index.php?rest_route=\/wp\/v2\/users\/1"}],"replies":[{"embeddable":true,"href":"https:\/\/certyfikat-gorzow.pl\/index.php?rest_route=%2Fwp%2Fv2%2Fcomments&post=589"}],"version-history":[{"count":6,"href":"https:\/\/certyfikat-gorzow.pl\/index.php?rest_route=\/wp\/v2\/pages\/589\/revisions"}],"predecessor-version":[{"id":722,"href":"https:\/\/certyfikat-gorzow.pl\/index.php?rest_route=\/wp\/v2\/pages\/589\/revisions\/722"}],"wp:attachment":[{"href":"https:\/\/certyfikat-gorzow.pl\/index.php?rest_route=%2Fwp%2Fv2%2Fmedia&parent=589"}],"curies":[{"name":"wp","href":"https:\/\/api.w.org\/{rel}","templated":true}]}}