{"id":55,"date":"2024-10-24T18:00:30","date_gmt":"2024-10-24T16:00:30","guid":{"rendered":"http:\/\/certyfikat-gorzow.pl\/?page_id=55"},"modified":"2026-02-03T15:43:03","modified_gmt":"2026-02-03T14:43:03","slug":"kontakt","status":"publish","type":"page","link":"https:\/\/certyfikat-gorzow.pl\/?page_id=55","title":{"rendered":"Kontakt"},"content":{"rendered":"\t\t<div data-elementor-type=\"wp-page\" data-elementor-id=\"55\" class=\"elementor elementor-55\">\n\t\t\t\t<div class=\"elementor-element elementor-element-3214ae9 e-flex e-con-boxed e-con e-parent\" data-id=\"3214ae9\" data-element_type=\"container\" data-e-type=\"container\">\n\t\t\t\t\t<div class=\"e-con-inner\">\n\t\t<div class=\"elementor-element elementor-element-481302e e-con-full e-flex e-con e-child\" data-id=\"481302e\" data-element_type=\"container\" data-e-type=\"container\">\n\t\t\t\t<\/div>\n\t\t<div class=\"elementor-element elementor-element-5c9c4dc e-con-full e-flex e-con e-child\" data-id=\"5c9c4dc\" data-element_type=\"container\" data-e-type=\"container\">\n\t\t\t\t<\/div>\n\t\t\t\t\t<\/div>\n\t\t\t\t<\/div>\n\t\t<div class=\"elementor-element elementor-element-49d0649b e-flex e-con-boxed e-con e-parent\" data-id=\"49d0649b\" data-element_type=\"container\" data-e-type=\"container\">\n\t\t\t\t\t<div class=\"e-con-inner\">\n\t\t\t\t<div class=\"elementor-element elementor-element-10043339 elementor-widget elementor-widget-text-editor\" data-id=\"10043339\" data-element_type=\"widget\" data-e-type=\"widget\" data-widget_type=\"text-editor.default\">\n\t\t\t\t<div class=\"elementor-widget-container\">\n\t\t\t\t\t\t\t\t\t\n<div class=\"wp-block-media-text has-media-on-the-right is-stacked-on-mobile\" style=\"grid-template-columns: auto 36%;\">\n<div class=\"wp-block-media-text__content\">\n<div class=\"wp-block-group is-nowrap is-layout-flex wp-container-core-group-is-layout-6c531013 wp-block-group-is-layout-flex\">\n<blockquote class=\"wp-block-quote is-layout-flow wp-block-quote-is-layout-flow\">\n<h1 class=\"wp-block-heading has-medium-font-size\">\u015awiadectwo charakterystyki energetycznej SzulcCert.<\/h1>\n\n<p>www.certyfikat-gorzow.pl<\/p>\n<p><strong><a href=\"tel:797801105\" data-type=\"tel\" data-id=\"tel:797801105\">tel. +48 797 801 105<\/a><\/strong><\/p>\n\n<p class=\"has-medium-font-size\" style=\"font-style: normal; font-weight: 100;\"><strong>Przemys\u0142aw Szulc<\/strong><\/p>\n<strong><\/strong>\n<p class=\"has-medium-font-size\" style=\"font-style: normal; font-weight: 100;\"><strong>Audytor energetyczny &#8211; uprawnienia nr 39845<\/strong><\/p>\n\n<p class=\"has-medium-font-size\" style=\"font-style: normal; font-weight: 100;\"><a href=\"https:\/\/g.co\/kgs\/h5XDfmx\" data-type=\"link\" data-id=\"https:\/\/g.co\/kgs\/h5XDfmx\">ul. \u017belazna 30\/9, 66-400 Gorz\u00f3w Wlkp.<\/a><\/p>\n<p class=\"has-medium-font-size\" style=\"font-style: normal; font-weight: 100;\"><strong><em>NIP: 2810062146<\/em><\/strong><\/p>\n<p class=\"has-medium-font-size\" style=\"font-style: normal; font-weight: 100;\"><strong>info@certyfikat-gorzow.pl<\/strong><\/p>\n\n<p class=\"has-medium-font-size\" style=\"font-style: normal; font-weight: 100;\">\u00a0<\/p>\n<\/blockquote>\n<\/div>\n<\/div>\n<figure class=\"wp-block-media-text__media\"><img fetchpriority=\"high\" decoding=\"async\" class=\"alignnone wp-image-613 size-medium\" src=\"https:\/\/certyfikat-gorzow.pl\/wp-content\/uploads\/2025\/07\/IMG_5595-298x300.jpeg\" alt=\"\" width=\"298\" height=\"300\" srcset=\"https:\/\/certyfikat-gorzow.pl\/wp-content\/uploads\/2025\/07\/IMG_5595-298x300.jpeg 298w, https:\/\/certyfikat-gorzow.pl\/wp-content\/uploads\/2025\/07\/IMG_5595-1017x1024.jpeg 1017w, https:\/\/certyfikat-gorzow.pl\/wp-content\/uploads\/2025\/07\/IMG_5595-150x150.jpeg 150w, https:\/\/certyfikat-gorzow.pl\/wp-content\/uploads\/2025\/07\/IMG_5595-768x773.jpeg 768w, https:\/\/certyfikat-gorzow.pl\/wp-content\/uploads\/2025\/07\/IMG_5595-1526x1536.jpeg 1526w, https:\/\/certyfikat-gorzow.pl\/wp-content\/uploads\/2025\/07\/IMG_5595-100x100.jpeg 100w, https:\/\/certyfikat-gorzow.pl\/wp-content\/uploads\/2025\/07\/IMG_5595-200x201.jpeg 200w, https:\/\/certyfikat-gorzow.pl\/wp-content\/uploads\/2025\/07\/IMG_5595.jpeg 1534w\" sizes=\"(max-width: 298px) 100vw, 298px\" \/><\/figure>\n<\/div>\n\n<div class=\"wp-block-group is-layout-constrained wp-block-group-is-layout-constrained\">\n<div class=\"wp-block-group is-layout-constrained wp-block-group-is-layout-constrained\">\n<div class=\"wp-block-group alignfull is-content-justification-left is-nowrap is-layout-flex wp-container-core-group-is-layout-fc9f69e7 wp-block-group-is-layout-flex\">\n<blockquote class=\"wp-block-quote is-layout-flow wp-block-quote-is-layout-flow\">\n<p>O mnie:<\/p>\n<p>Ministerstwo Rozwoju i Technologi wpisa\u0142o mnie do centralnego rejestru charakterystyki energetycznej budynk\u00f3w jak osob\u0119 uprawniona do sporz\u0105dzania \u015bwiadectw charakterystyki energetycznej. Uprawnienia nr 39845.<\/p>\n<p>Jestem cz\u0142onkiem zrzeszenia audytor\u00f3w energetycznych w Polsce nr. cz\u0142. 4393.<\/p>\n<p>Jestem cz\u0142onkiem stowarzyszenia Certyfikator\u00f3w i Audytor\u00f3w Energetycznych nr. cz\u0142. <span class=\"H3_czerwone\">628<\/span><\/p>\n<p>Co wi\u0119cej uko\u0144czy\u0142em studia z zakresu audytu energetycznego i certyfikacji budynk\u00f3w. Za sob\u0105 mam wiele projekt\u00f3w zwi\u0105zanych z charakterystyk\u0105 energetyczn\u0105, mieszkania, domy, budynki o\u015bwiaty, biurowce i budynki produkcyjne. Najwiekszy budynek mia\u0142 29 tys. m\u00b2 a najmniejszy 18 m\u00b2.<\/p>\n<p>Jestem certyfikowanym audytorem energetycznym oraz osob\u0105 sporz\u0105dzaj\u0105c\u0105 \u015bwiadectwa charakterystyki energetycznej.\u00a0<\/p>\n<\/blockquote>\n<\/div>\n<\/div>\n<\/div>\n\n<figure class=\"wp-block-image size-large is-resized\"><img decoding=\"async\" class=\"alignnone wp-image-736 size-full\" src=\"https:\/\/certyfikat-gorzow.pl\/wp-content\/uploads\/2025\/10\/Zrzut-ekranu-2025-10-13-152300.png\" alt=\"\" width=\"911\" height=\"860\" srcset=\"https:\/\/certyfikat-gorzow.pl\/wp-content\/uploads\/2025\/10\/Zrzut-ekranu-2025-10-13-152300.png 911w, https:\/\/certyfikat-gorzow.pl\/wp-content\/uploads\/2025\/10\/Zrzut-ekranu-2025-10-13-152300-300x283.png 300w, https:\/\/certyfikat-gorzow.pl\/wp-content\/uploads\/2025\/10\/Zrzut-ekranu-2025-10-13-152300-768x725.png 768w, https:\/\/certyfikat-gorzow.pl\/wp-content\/uploads\/2025\/10\/Zrzut-ekranu-2025-10-13-152300-200x189.png 200w\" sizes=\"(max-width: 911px) 100vw, 911px\" \/><\/figure>\n\t\t\t\t\t\t\t\t<\/div>\n\t\t\t\t<\/div>\n\t\t\t\t\t<\/div>\n\t\t\t\t<\/div>\n\t\t\t\t<\/div>\n\t\t","protected":false},"excerpt":{"rendered":"<p>O mnie: Ministerstwo Rozwoju i Technologi wpisa\u0142o mnie do centralnego rejestru charakterystyki energetycznej budynk\u00f3w jak osob\u0119 uprawniona do sporz\u0105dzania \u015bwiadectw [&hellip;]<\/p>\n","protected":false},"author":1,"featured_media":0,"parent":0,"menu_order":7,"comment_status":"closed","ping_status":"closed","template":"","meta":{"site-sidebar-layout":"default","site-content-layout":"","ast-site-content-layout":"default","site-content-style":"default","site-sidebar-style":"default","ast-global-header-display":"","ast-banner-title-visibility":"","ast-main-header-display":"","ast-hfb-above-header-display":"","ast-hfb-below-header-display":"","ast-hfb-mobile-header-display":"","site-post-title":"","ast-breadcrumbs-content":"","ast-featured-img":"","footer-sml-layout":"","theme-transparent-header-meta":"","adv-header-id-meta":"","stick-header-meta":"","header-above-stick-meta":"","header-main-stick-meta":"","header-below-stick-meta":"","astra-migrate-meta-layouts":"default","ast-page-background-enabled":"default","ast-page-background-meta":{"desktop":{"background-color":"var(--ast-global-color-5)","background-image":"","background-repeat":"repeat","background-position":"center center","background-size":"auto","background-attachment":"scroll","background-type":"","background-media":"","overlay-type":"","overlay-color":"","overlay-opacity":"","overlay-gradient":""},"tablet":{"background-color":"","background-image":"","background-repeat":"repeat","background-position":"center center","background-size":"auto","background-attachment":"scroll","background-type":"","background-media":"","overlay-type":"","overlay-color":"","overlay-opacity":"","overlay-gradient":""},"mobile":{"background-color":"","background-image":"","background-repeat":"repeat","background-position":"center center","background-size":"auto","background-attachment":"scroll","background-type":"","background-media":"","overlay-type":"","overlay-color":"","overlay-opacity":"","overlay-gradient":""}},"ast-content-background-meta":{"desktop":{"background-color":"var(--ast-global-color-4)","background-image":"","background-repeat":"repeat","background-position":"center center","background-size":"auto","background-attachment":"scroll","background-type":"","background-media":"","overlay-type":"","overlay-color":"","overlay-opacity":"","overlay-gradient":""},"tablet":{"background-color":"var(--ast-global-color-4)","background-image":"","background-repeat":"repeat","background-position":"center center","background-size":"auto","background-attachment":"scroll","background-type":"","background-media":"","overlay-type":"","overlay-color":"","overlay-opacity":"","overlay-gradient":""},"mobile":{"background-color":"var(--ast-global-color-4)","background-image":"","background-repeat":"repeat","background-position":"center center","background-size":"auto","background-attachment":"scroll","background-type":"","background-media":"","overlay-type":"","overlay-color":"","overlay-opacity":"","overlay-gradient":""}},"footnotes":""},"class_list":["post-55","page","type-page","status-publish","hentry"],"_links":{"self":[{"href":"https:\/\/certyfikat-gorzow.pl\/index.php?rest_route=\/wp\/v2\/pages\/55","targetHints":{"allow":["GET"]}}],"collection":[{"href":"https:\/\/certyfikat-gorzow.pl\/index.php?rest_route=\/wp\/v2\/pages"}],"about":[{"href":"https:\/\/certyfikat-gorzow.pl\/index.php?rest_route=\/wp\/v2\/types\/page"}],"author":[{"embeddable":true,"href":"https:\/\/certyfikat-gorzow.pl\/index.php?rest_route=\/wp\/v2\/users\/1"}],"replies":[{"embeddable":true,"href":"https:\/\/certyfikat-gorzow.pl\/index.php?rest_route=%2Fwp%2Fv2%2Fcomments&post=55"}],"version-history":[{"count":48,"href":"https:\/\/certyfikat-gorzow.pl\/index.php?rest_route=\/wp\/v2\/pages\/55\/revisions"}],"predecessor-version":[{"id":775,"href":"https:\/\/certyfikat-gorzow.pl\/index.php?rest_route=\/wp\/v2\/pages\/55\/revisions\/775"}],"wp:attachment":[{"href":"https:\/\/certyfikat-gorzow.pl\/index.php?rest_route=%2Fwp%2Fv2%2Fmedia&parent=55"}],"curies":[{"name":"wp","href":"https:\/\/api.w.org\/{rel}","templated":true}]}}